{"id":22,"date":"2010-09-02T22:41:31","date_gmt":"2010-09-02T22:41:31","guid":{"rendered":"https:\/\/osteops.es\/wpok\/?page_id=22"},"modified":"2022-07-22T14:37:33","modified_gmt":"2022-07-22T14:37:33","slug":"quiromasaje","status":"publish","type":"page","link":"https:\/\/osteops.es\/wpok\/?page_id=22","title":{"rendered":"Masaje Relajante \/ Descarga muscular"},"content":{"rendered":"<p>T\u00e9cnica compuesta por una serie de manipulaciones y pr\u00e1cticas ejecutadas con las manos directamente sobre la piel de la persona que lo recibe, sin intervenci\u00f3n de ning\u00fan otro instrumento y que tiene como objetivo producir unos determinados efectos beneficiosos tanto directos como indirectos y reflejos, actuando a diferentes niveles (f\u00edsico, emocional\u2026) y sobre diversos sistemas (circulatorio, nervioso,respiratorio, endocrino&#8230;).<\/p>\n<p><a href=\"https:\/\/osteops.es\/wpok\/wp-content\/uploads\/2010\/09\/trapecio.jpg\"><img loading=\"lazy\" decoding=\"async\" class=\"aligncenter size-medium wp-image-23\" title=\"trapecio\" src=\"https:\/\/osteops.es\/wpok\/wp-content\/uploads\/2010\/09\/trapecio-300x200.jpg\" alt=\"\" width=\"300\" height=\"200\" srcset=\"https:\/\/osteops.es\/wpok\/wp-content\/uploads\/2010\/09\/trapecio-300x200.jpg 300w, https:\/\/osteops.es\/wpok\/wp-content\/uploads\/2010\/09\/trapecio.jpg 876w\" sizes=\"auto, (max-width: 300px) 100vw, 300px\" \/><\/a><\/p>\n<p>&nbsp;<\/p>\n<blockquote><p>&#8220;Mejora el estado emocional y libera tensiones gracias a las endorfinas producidas por el propio cuerpo durante la sesi\u00f3n, relajando y optimizando diversos sistemas corporales, an\u00edmicos y mentales.&#8221;<\/p>\n<p>&nbsp;<\/p><\/blockquote>\n<blockquote><p>&#8220;puede aplicarse antes, durante y despu\u00e9s de la competici\u00f3n deportiva, con fines de descarga muscular y dirigido a los procesos derivadas de la actividad deportiva.&#8221;<\/p><\/blockquote>\n<p><a href=\"https:\/\/osteops.es\/wpok\/wp-content\/uploads\/2010\/09\/terapeu2.jpg\"><img loading=\"lazy\" decoding=\"async\" class=\"aligncenter size-medium wp-image-29\" title=\"terapeu\" src=\"https:\/\/osteops.es\/wpok\/wp-content\/uploads\/2010\/09\/terapeu2-200x300.jpg\" alt=\"\" width=\"200\" height=\"300\" srcset=\"https:\/\/osteops.es\/wpok\/wp-content\/uploads\/2010\/09\/terapeu2-200x300.jpg 200w, https:\/\/osteops.es\/wpok\/wp-content\/uploads\/2010\/09\/terapeu2.jpg 584w\" sizes=\"auto, (max-width: 200px) 100vw, 200px\" \/><\/a><\/p>\n","protected":false},"excerpt":{"rendered":"<p>T\u00e9cnica compuesta por una serie de manipulaciones y pr\u00e1cticas ejecutadas con las manos directamente sobre la piel de la persona que lo recibe, sin intervenci\u00f3n de ning\u00fan otro instrumento y que tiene como objetivo producir unos determinados efectos beneficiosos tanto directos como indirectos y reflejos, actuando a diferentes niveles (f\u00edsico, emocional\u2026) y sobre diversos sistemas &hellip; <\/p>\n<p class=\"link-more\"><a href=\"https:\/\/osteops.es\/wpok\/?page_id=22\" class=\"more-link\">Read more<span class=\"screen-reader-text\"> &#8220;Masaje Relajante \/ Descarga muscular&#8221;<\/span><\/a><\/p>\n","protected":false},"author":2,"featured_media":0,"parent":0,"menu_order":2,"comment_status":"open","ping_status":"open","template":"","meta":{"_joinchat":[],"footnotes":""},"class_list":["post-22","page","type-page","status-publish","hentry"],"_links":{"self":[{"href":"https:\/\/osteops.es\/wpok\/index.php?rest_route=\/wp\/v2\/pages\/22","targetHints":{"allow":["GET"]}}],"collection":[{"href":"https:\/\/osteops.es\/wpok\/index.php?rest_route=\/wp\/v2\/pages"}],"about":[{"href":"https:\/\/osteops.es\/wpok\/index.php?rest_route=\/wp\/v2\/types\/page"}],"author":[{"embeddable":true,"href":"https:\/\/osteops.es\/wpok\/index.php?rest_route=\/wp\/v2\/users\/2"}],"replies":[{"embeddable":true,"href":"https:\/\/osteops.es\/wpok\/index.php?rest_route=%2Fwp%2Fv2%2Fcomments&post=22"}],"version-history":[{"count":0,"href":"https:\/\/osteops.es\/wpok\/index.php?rest_route=\/wp\/v2\/pages\/22\/revisions"}],"wp:attachment":[{"href":"https:\/\/osteops.es\/wpok\/index.php?rest_route=%2Fwp%2Fv2%2Fmedia&parent=22"}],"curies":[{"name":"wp","href":"https:\/\/api.w.org\/{rel}","templated":true}]}}