{"id":15,"date":"2010-09-02T10:09:54","date_gmt":"2010-09-02T10:09:54","guid":{"rendered":"https:\/\/osteops.es\/wpok\/?page_id=15"},"modified":"2022-07-22T14:37:59","modified_gmt":"2022-07-22T14:37:59","slug":"masaje-ayurvedico-suryaachandra-abhyanga","status":"publish","type":"page","link":"https:\/\/osteops.es\/wpok\/?page_id=15","title":{"rendered":"Abhyanga de Aceite Templado"},"content":{"rendered":"<p>(Suryachandra Abhyanga) Es un masaje corporal basado en la antigua medicina india y realizado con aceites naturales, suave y relajante. Libera toxinas y estimula \u00f3rganos internos. Regula los procesos metab\u00f3licos y fortalece el sistema inmunitario. Trabaja sobre los diferentes niveles, f\u00edsico, mental, emocional y energ\u00e9tico.<\/p>\n<p>Trabaja todo el sistema con t\u00e9cnicas tradicionales de la antigua medicina hind\u00fa, marmas (puntos), reflexolog\u00eda podal, y masaje circulatorio. 90 min. aprox.<\/p>\n<div id='gallery-1' class='gallery galleryid-15 gallery-columns-3 gallery-size-thumbnail'><figure class='gallery-item'>\n\t\t\t<div class='gallery-icon portrait'>\n\t\t\t\t<a href='https:\/\/osteops.es\/wpok\/wp-content\/uploads\/2010\/09\/ajnacuenco.jpg'><img loading=\"lazy\" decoding=\"async\" width=\"150\" height=\"150\" src=\"https:\/\/osteops.es\/wpok\/wp-content\/uploads\/2010\/09\/ajnacuenco-150x150.jpg\" class=\"attachment-thumbnail size-thumbnail\" alt=\"\" sizes=\"auto, 100vw\" \/><\/a>\n\t\t\t<\/div><\/figure><figure class='gallery-item'>\n\t\t\t<div class='gallery-icon landscape'>\n\t\t\t\t<a href='https:\/\/osteops.es\/wpok\/wp-content\/uploads\/2010\/09\/ayur-150x150.jpg'><img loading=\"lazy\" decoding=\"async\" width=\"150\" height=\"150\" src=\"https:\/\/osteops.es\/wpok\/wp-content\/uploads\/2010\/09\/ayur-150x150.jpg\" class=\"attachment-thumbnail size-thumbnail\" alt=\"\" sizes=\"auto, 100vw\" \/><\/a>\n\t\t\t<\/div><\/figure><figure class='gallery-item'>\n\t\t\t<div class='gallery-icon landscape'>\n\t\t\t\t<a href='https:\/\/osteops.es\/wpok\/wp-content\/uploads\/2010\/09\/reflexo.jpg'><img loading=\"lazy\" decoding=\"async\" width=\"150\" height=\"150\" src=\"https:\/\/osteops.es\/wpok\/wp-content\/uploads\/2010\/09\/reflexo-150x150.jpg\" class=\"attachment-thumbnail size-thumbnail\" alt=\"\" sizes=\"auto, 100vw\" \/><\/a>\n\t\t\t<\/div><\/figure>\n\t\t<\/div>\n\n","protected":false},"excerpt":{"rendered":"<p>(Suryachandra Abhyanga) Es un masaje corporal basado en la antigua medicina india y realizado con aceites naturales, suave y relajante. Libera toxinas y estimula \u00f3rganos internos. Regula los procesos metab\u00f3licos y fortalece el sistema inmunitario. Trabaja sobre los diferentes niveles, f\u00edsico, mental, emocional y energ\u00e9tico. Trabaja todo el sistema con t\u00e9cnicas tradicionales de la antigua &hellip; <\/p>\n<p class=\"link-more\"><a href=\"https:\/\/osteops.es\/wpok\/?page_id=15\" class=\"more-link\">Read more<span class=\"screen-reader-text\"> &#8220;Abhyanga de Aceite Templado&#8221;<\/span><\/a><\/p>\n","protected":false},"author":2,"featured_media":0,"parent":0,"menu_order":3,"comment_status":"open","ping_status":"open","template":"","meta":{"_joinchat":[],"footnotes":""},"class_list":["post-15","page","type-page","status-publish","hentry"],"_links":{"self":[{"href":"https:\/\/osteops.es\/wpok\/index.php?rest_route=\/wp\/v2\/pages\/15","targetHints":{"allow":["GET"]}}],"collection":[{"href":"https:\/\/osteops.es\/wpok\/index.php?rest_route=\/wp\/v2\/pages"}],"about":[{"href":"https:\/\/osteops.es\/wpok\/index.php?rest_route=\/wp\/v2\/types\/page"}],"author":[{"embeddable":true,"href":"https:\/\/osteops.es\/wpok\/index.php?rest_route=\/wp\/v2\/users\/2"}],"replies":[{"embeddable":true,"href":"https:\/\/osteops.es\/wpok\/index.php?rest_route=%2Fwp%2Fv2%2Fcomments&post=15"}],"version-history":[{"count":0,"href":"https:\/\/osteops.es\/wpok\/index.php?rest_route=\/wp\/v2\/pages\/15\/revisions"}],"wp:attachment":[{"href":"https:\/\/osteops.es\/wpok\/index.php?rest_route=%2Fwp%2Fv2%2Fmedia&parent=15"}],"curies":[{"name":"wp","href":"https:\/\/api.w.org\/{rel}","templated":true}]}}