{"id":115,"date":"2018-09-13T17:41:40","date_gmt":"2018-09-13T17:41:40","guid":{"rendered":"https:\/\/osteops.es\/wpok\/?page_id=115"},"modified":"2022-07-22T14:38:32","modified_gmt":"2022-07-22T14:38:32","slug":"masaje-tradicional-tailandes","status":"publish","type":"page","link":"https:\/\/osteops.es\/wpok\/?page_id=115","title":{"rendered":"Masaje tradicional Tailand\u00e9s"},"content":{"rendered":"<p><a href=\"https:\/\/osteops.es\/wpok\/wp-content\/uploads\/2015\/11\/DSC_0134.jpg\"><img loading=\"lazy\" decoding=\"async\" class=\"alignleft size-medium wp-image-56\" src=\"https:\/\/osteops.es\/wpok\/wp-content\/uploads\/2015\/11\/DSC_0134-199x300.jpg\" alt=\"DSC_0134\" width=\"199\" height=\"300\" srcset=\"https:\/\/osteops.es\/wpok\/wp-content\/uploads\/2015\/11\/DSC_0134-199x300.jpg 199w, https:\/\/osteops.es\/wpok\/wp-content\/uploads\/2015\/11\/DSC_0134-680x1024.jpg 680w\" sizes=\"auto, (max-width: 199px) 100vw, 199px\" \/><\/a>A trav\u00e9s de esta t\u00e9cnica procedente de Tailandia y relacionada con el Yoga y Ayurveda de la India, se pretende liberar los &#8220;Sib Sen&#8221; o canales de energ\u00eda vital, principalmente mediante presiones, golpeteos, estiramientos y movilizaciones, adem\u00e1s de movimientos similares a las asanas del Yoga, recibidos por el paciente de forma pasiva en todo su cuerpo. Constituye un protocolo completo que trabaja desde los pies y piernas hacia la cabeza y en diferentes planos ( anterior, lateral, posterior etc&#8230; ), adapt\u00e1ndose a la intensidad apropiada para la persona. Esta t\u00e9cnica se realiza generalmente en el suelo, sobre una superficie acolchada, y con ropa holgada y c\u00f3moda que permita el movimiento, con pases lentos y profundos, que ayudan a reducir el estr\u00e9s y relajar los m\u00fasculos; se incide sobre los sistemas musculo-esquel\u00e9tico, circulatorio y nervioso, consiguiendo armonizarlos y ayudando a la eliminaci\u00f3n de <em>toxinas acumuladas.<\/em><\/p>\n<p><em><strong>La sesi\u00f3n puede tener una duraci\u00f3n de 60, 90 o 120 minutos.<\/strong><\/em><\/p>\n","protected":false},"excerpt":{"rendered":"<p>A trav\u00e9s de esta t\u00e9cnica procedente de Tailandia y relacionada con el Yoga y Ayurveda de la India, se pretende liberar los &#8220;Sib Sen&#8221; o canales de energ\u00eda vital, principalmente mediante presiones, golpeteos, estiramientos y movilizaciones, adem\u00e1s de movimientos similares a las asanas del Yoga, recibidos por el paciente de forma pasiva en todo su &hellip; <\/p>\n<p class=\"link-more\"><a href=\"https:\/\/osteops.es\/wpok\/?page_id=115\" class=\"more-link\">Read more<span class=\"screen-reader-text\"> &#8220;Masaje tradicional Tailand\u00e9s&#8221;<\/span><\/a><\/p>\n","protected":false},"author":2,"featured_media":0,"parent":0,"menu_order":4,"comment_status":"closed","ping_status":"closed","template":"","meta":{"_joinchat":[],"footnotes":""},"class_list":["post-115","page","type-page","status-publish","hentry"],"_links":{"self":[{"href":"https:\/\/osteops.es\/wpok\/index.php?rest_route=\/wp\/v2\/pages\/115","targetHints":{"allow":["GET"]}}],"collection":[{"href":"https:\/\/osteops.es\/wpok\/index.php?rest_route=\/wp\/v2\/pages"}],"about":[{"href":"https:\/\/osteops.es\/wpok\/index.php?rest_route=\/wp\/v2\/types\/page"}],"author":[{"embeddable":true,"href":"https:\/\/osteops.es\/wpok\/index.php?rest_route=\/wp\/v2\/users\/2"}],"replies":[{"embeddable":true,"href":"https:\/\/osteops.es\/wpok\/index.php?rest_route=%2Fwp%2Fv2%2Fcomments&post=115"}],"version-history":[{"count":0,"href":"https:\/\/osteops.es\/wpok\/index.php?rest_route=\/wp\/v2\/pages\/115\/revisions"}],"wp:attachment":[{"href":"https:\/\/osteops.es\/wpok\/index.php?rest_route=%2Fwp%2Fv2%2Fmedia&parent=115"}],"curies":[{"name":"wp","href":"https:\/\/api.w.org\/{rel}","templated":true}]}}