{"id":113,"date":"2018-09-13T17:39:28","date_gmt":"2018-09-13T17:39:28","guid":{"rendered":"https:\/\/osteops.es\/wpok\/?page_id=113"},"modified":"2018-09-13T17:39:28","modified_gmt":"2018-09-13T17:39:28","slug":"osteopatia","status":"publish","type":"page","link":"https:\/\/osteops.es\/wpok\/?page_id=113","title":{"rendered":"Osteopat\u00eda"},"content":{"rendered":"<p>OSTEOPAT\u00cdA ESTRUCTURAL<\/p>\n<p>Se dedica al restablecimiento funcional del aparato musculo-esquel\u00e9tico y de la postura, centr\u00e1ndose en la columna vertebral y sus sistemas de compensaci\u00f3n. Utilizando las manos como herramienta, se realizar\u00e1n t\u00e9cnicas de inhibici\u00f3n muscular, elastificaci\u00f3n del tejido celular subcut\u00e1neo y normalizaci\u00f3n articular para recuperar la correcta amplitud y funci\u00f3n de todas las estructuras. De esta manera reduciremos los s\u00edntomas (tendin\u00edtis, tort\u00edcolis, bursitis, contracturas, lumb\u00e1lgias, lumboci\u00e1ticas&#8230;etc.) que ser\u00e1n considerados una lesi\u00f3n secundaria o mecanismo de defensa, para encontrar la causa primaria y reducirla, ayudando al organismo a activar sus propias v\u00edas de curaci\u00f3n.<\/p>\n<p><a href=\"https:\/\/osteops.es\/wpok\/wp-content\/uploads\/2010\/09\/osteo.jpg\"><img loading=\"lazy\" decoding=\"async\" class=\"aligncenter size-medium wp-image-36\" title=\"osteo\" src=\"https:\/\/osteops.es\/wpok\/wp-content\/uploads\/2010\/09\/osteo-200x300.jpg\" alt=\"\" width=\"200\" height=\"300\" srcset=\"https:\/\/osteops.es\/wpok\/wp-content\/uploads\/2010\/09\/osteo-200x300.jpg 200w, https:\/\/osteops.es\/wpok\/wp-content\/uploads\/2010\/09\/osteo.jpg 584w\" sizes=\"auto, (max-width: 200px) 100vw, 200px\" \/><\/a><\/p>\n<p>&nbsp;<\/p>\n<p>&nbsp;<\/p>\n<p>OSTEOPAT\u00cdA VISCERAL<\/p>\n<p>Reconociendo las relaci\u00f3nes viscero-som\u00e1ticas, o somato-viscerales como responsables de determinados procesos, es imprescindible recuperar la movilidad y elasticidad en los tejidos blandos y tejido conectivo del contenido abdominal y el \u00e1rea tor\u00e1cica y p\u00e9lvica para restablecer el equilibrio global.<\/p>\n<p>OSTEOPAT\u00cdA SACROCRANEAL<\/p>\n<p>Igualmente importante, e indicada en multitud de procesos que afectan a \u00f3rganos de los sentidos, sistema nervioso, y diversos procesos secundarios, es la t\u00e9cnica sacro-craneal. Dichos procesos se recuperan tras restablecer la movilidad normal de las suturas entre huesos craneales con una aplicaci\u00f3n de presi\u00f3n sutil y accediendo al movimiento del l\u00edquido cefaloraqu\u00eddeo, \u00a0que circula por el sistema hidr\u00e1ulico semicerrado sacro-craneal. De alto valor a\u00f1adido en la recuperaci\u00f3n del sue\u00f1o, la relajaci\u00f3n general, y el bienestar.<\/p>\n<p>&nbsp;<\/p>\n","protected":false},"excerpt":{"rendered":"<p>OSTEOPAT\u00cdA ESTRUCTURAL Se dedica al restablecimiento funcional del aparato musculo-esquel\u00e9tico y de la postura, centr\u00e1ndose en la columna vertebral y sus sistemas de compensaci\u00f3n. Utilizando las manos como herramienta, se realizar\u00e1n t\u00e9cnicas de inhibici\u00f3n muscular, elastificaci\u00f3n del tejido celular subcut\u00e1neo y normalizaci\u00f3n articular para recuperar la correcta amplitud y funci\u00f3n de todas las estructuras. De &hellip; <\/p>\n<p class=\"link-more\"><a href=\"https:\/\/osteops.es\/wpok\/?page_id=113\" class=\"more-link\">Read more<span class=\"screen-reader-text\"> &#8220;Osteopat\u00eda&#8221;<\/span><\/a><\/p>\n","protected":false},"author":2,"featured_media":0,"parent":0,"menu_order":1,"comment_status":"closed","ping_status":"closed","template":"","meta":{"_joinchat":[],"footnotes":""},"class_list":["post-113","page","type-page","status-publish","hentry"],"_links":{"self":[{"href":"https:\/\/osteops.es\/wpok\/index.php?rest_route=\/wp\/v2\/pages\/113","targetHints":{"allow":["GET"]}}],"collection":[{"href":"https:\/\/osteops.es\/wpok\/index.php?rest_route=\/wp\/v2\/pages"}],"about":[{"href":"https:\/\/osteops.es\/wpok\/index.php?rest_route=\/wp\/v2\/types\/page"}],"author":[{"embeddable":true,"href":"https:\/\/osteops.es\/wpok\/index.php?rest_route=\/wp\/v2\/users\/2"}],"replies":[{"embeddable":true,"href":"https:\/\/osteops.es\/wpok\/index.php?rest_route=%2Fwp%2Fv2%2Fcomments&post=113"}],"version-history":[{"count":0,"href":"https:\/\/osteops.es\/wpok\/index.php?rest_route=\/wp\/v2\/pages\/113\/revisions"}],"wp:attachment":[{"href":"https:\/\/osteops.es\/wpok\/index.php?rest_route=%2Fwp%2Fv2%2Fmedia&parent=113"}],"curies":[{"name":"wp","href":"https:\/\/api.w.org\/{rel}","templated":true}]}}